{"id":95,"date":"2021-07-18T08:40:49","date_gmt":"2021-07-18T08:40:49","guid":{"rendered":"https:\/\/demo.athemes.com\/botiga\/?post_type=product&#038;p=95"},"modified":"2025-03-20T12:18:32","modified_gmt":"2025-03-20T12:18:32","slug":"fitness-musculacion","status":"publish","type":"product","link":"https:\/\/fitnessbooks.orthos.es\/index.php\/producto\/fitness-musculacion\/","title":{"rendered":"Fitness y Musculaci\u00f3n"},"content":{"rendered":"<p>El\u00a0<strong>t\u00e9cnico de una sala de fitness<\/strong>\u00a0se encarga de\u00a0<strong>dise\u00f1ar programas de entrenamiento<\/strong>\u00a0a los usuarios que quieren mejorar la masa muscular o tonificarla. El monitor supervisa la ejecuci\u00f3n de los movimientos y motiva a los usuarios en sus entrenos para que alcancen los objetivos que se han propuesto a trav\u00e9s de la pr\u00e1ctica de actividad f\u00edsica en la sala de pesas.<\/p>\n","protected":false},"excerpt":{"rendered":"<p>Dise\u00f1ar\u00e1s y dirigir\u00e1s los entrenos de personas que quieren ganar masa muscular, mejorar su salud y rendimiento, controlando sus sesiones de trabajo.<\/p>\n","protected":false},"featured_media":596,"comment_status":"open","ping_status":"closed","template":"","meta":[],"product_brand":[],"product_cat":[16],"product_tag":[],"class_list":{"0":"post-95","1":"product","2":"type-product","3":"status-publish","4":"has-post-thumbnail","6":"product_cat-fitness","8":"first","9":"instock","10":"shipping-taxable","11":"purchasable","12":"product-type-simple"},"_links":{"self":[{"href":"https:\/\/fitnessbooks.orthos.es\/index.php\/wp-json\/wp\/v2\/product\/95","targetHints":{"allow":["GET"]}}],"collection":[{"href":"https:\/\/fitnessbooks.orthos.es\/index.php\/wp-json\/wp\/v2\/product"}],"about":[{"href":"https:\/\/fitnessbooks.orthos.es\/index.php\/wp-json\/wp\/v2\/types\/product"}],"replies":[{"embeddable":true,"href":"https:\/\/fitnessbooks.orthos.es\/index.php\/wp-json\/wp\/v2\/comments?post=95"}],"wp:featuredmedia":[{"embeddable":true,"href":"https:\/\/fitnessbooks.orthos.es\/index.php\/wp-json\/wp\/v2\/media\/596"}],"wp:attachment":[{"href":"https:\/\/fitnessbooks.orthos.es\/index.php\/wp-json\/wp\/v2\/media?parent=95"}],"wp:term":[{"taxonomy":"product_brand","embeddable":true,"href":"https:\/\/fitnessbooks.orthos.es\/index.php\/wp-json\/wp\/v2\/product_brand?post=95"},{"taxonomy":"product_cat","embeddable":true,"href":"https:\/\/fitnessbooks.orthos.es\/index.php\/wp-json\/wp\/v2\/product_cat?post=95"},{"taxonomy":"product_tag","embeddable":true,"href":"https:\/\/fitnessbooks.orthos.es\/index.php\/wp-json\/wp\/v2\/product_tag?post=95"}],"curies":[{"name":"wp","href":"https:\/\/api.w.org\/{rel}","templated":true}]}}