{"id":97,"date":"2021-07-18T08:41:13","date_gmt":"2021-07-18T08:41:13","guid":{"rendered":"https:\/\/demo.athemes.com\/botiga\/?post_type=product&#038;p=97"},"modified":"2025-03-20T12:16:01","modified_gmt":"2025-03-20T12:16:01","slug":"entrenador-personal","status":"publish","type":"product","link":"https:\/\/fitnessbooks.orthos.es\/index.php\/producto\/entrenador-personal\/","title":{"rendered":"Entrenador Personal"},"content":{"rendered":"<p>El Entrenador Personal o el monitor de Sala de Fitness trabajan en los clubes e instalaciones deportivas dise\u00f1ando y dirigiendo el entrenamiento de los usuarios. En base a los objetivos de los clientes, de forma individual como Entrenador Personal o a nivel general como T\u00e9cnico de Sala, dise\u00f1a planes de trabajo, eval\u00faa la condici\u00f3n f\u00edsica y supervisa los ejercicios durante las sesiones de entrenamiento.<\/p>\n<p>El plan formativo en Entrenador Personal te aporta los conocimientos y desarrolla tus capacidades para ejercer profesionalmente gestionando una cartera de clientes a los que entrenar\u00e1s individualmente. Tambi\u00e9n puedes trabajar en la sala de Fitness supervisando el entrenamiento de fuerza y cardiovascular de los socios. Este plan formativo te permite acceder al proceso de Acreditaci\u00f3n de competencias para obtener el certificado de profesionalidad de Acondicionamiento F\u00edsico en Sala de Entrenamiento Polivalente seg\u00fan est\u00e1 regulado en el RD 1224\/2009. Los m\u00f3dulos que constituyen este plan formativo son:\u00a0<strong>Fitness y Musculaci\u00f3n, Entrenador Personal y Primeros Auxilios<\/strong>.<\/p>\n","protected":false},"excerpt":{"rendered":"<p>Los m\u00f3dulos que constituyen este plan formativo son:\u00a0<strong>Fitness y Musculaci\u00f3n, Entrenador Personal y Primeros Auxilios<\/strong>.<br \/>\nEn Catalu\u00f1a podr\u00e1s inscribirte al\u00a0<strong>ROPEC<\/strong>\u00a0y en otras Comunidades podr\u00e1s obtener un\u00a0<strong>Certificado de Profesionalidad<\/strong>\u00a0que te servir\u00e1 para<strong>\u00a0ejercer de forma legal.<\/strong><\/p>\n","protected":false},"featured_media":595,"comment_status":"open","ping_status":"closed","template":"","meta":[],"product_brand":[],"product_cat":[16],"product_tag":[],"class_list":{"0":"post-97","1":"product","2":"type-product","3":"status-publish","4":"has-post-thumbnail","6":"product_cat-fitness","8":"first","9":"instock","10":"sale","11":"shipping-taxable","12":"purchasable","13":"product-type-simple"},"_links":{"self":[{"href":"https:\/\/fitnessbooks.orthos.es\/index.php\/wp-json\/wp\/v2\/product\/97","targetHints":{"allow":["GET"]}}],"collection":[{"href":"https:\/\/fitnessbooks.orthos.es\/index.php\/wp-json\/wp\/v2\/product"}],"about":[{"href":"https:\/\/fitnessbooks.orthos.es\/index.php\/wp-json\/wp\/v2\/types\/product"}],"replies":[{"embeddable":true,"href":"https:\/\/fitnessbooks.orthos.es\/index.php\/wp-json\/wp\/v2\/comments?post=97"}],"wp:featuredmedia":[{"embeddable":true,"href":"https:\/\/fitnessbooks.orthos.es\/index.php\/wp-json\/wp\/v2\/media\/595"}],"wp:attachment":[{"href":"https:\/\/fitnessbooks.orthos.es\/index.php\/wp-json\/wp\/v2\/media?parent=97"}],"wp:term":[{"taxonomy":"product_brand","embeddable":true,"href":"https:\/\/fitnessbooks.orthos.es\/index.php\/wp-json\/wp\/v2\/product_brand?post=97"},{"taxonomy":"product_cat","embeddable":true,"href":"https:\/\/fitnessbooks.orthos.es\/index.php\/wp-json\/wp\/v2\/product_cat?post=97"},{"taxonomy":"product_tag","embeddable":true,"href":"https:\/\/fitnessbooks.orthos.es\/index.php\/wp-json\/wp\/v2\/product_tag?post=97"}],"curies":[{"name":"wp","href":"https:\/\/api.w.org\/{rel}","templated":true}]}}